{"id":354,"date":"2025-11-28T20:00:29","date_gmt":"2025-11-28T20:00:29","guid":{"rendered":"https:\/\/vluyn.staging.venta.one\/entwurf-startseite\/?page_id=354"},"modified":"2025-11-28T21:00:32","modified_gmt":"2025-11-28T21:00:32","slug":"kinder-und-jugendliche-variante-2","status":"publish","type":"page","link":"https:\/\/vluyn.staging.venta.one\/entwurf-startseite\/kinder-und-jugendliche-variante-2\/","title":{"rendered":"Kinder und Jugendliche Variante 2"},"content":{"rendered":"<p>[et_pb_section fb_built=&#8220;1&#8243; _builder_version=&#8220;4.27.4&#8243; _module_preset=&#8220;default&#8220; global_colors_info=&#8220;{}&#8220;][et_pb_row column_structure=&#8220;1_5,3_5,1_5&#8243; _builder_version=&#8220;4.27.4&#8243; _module_preset=&#8220;default&#8220; custom_padding=&#8220;||0px|||&#8220; locked=&#8220;off&#8220; global_colors_info=&#8220;{}&#8220;][et_pb_column type=&#8220;1_5&#8243; _builder_version=&#8220;4.27.4&#8243; _module_preset=&#8220;default&#8220; global_colors_info=&#8220;{}&#8220;][et_pb_divider color=&#8220;#000000&#8243; divider_position=&#8220;bottom&#8220; divider_weight=&#8220;8px&#8220; _builder_version=&#8220;4.27.4&#8243; _module_preset=&#8220;default&#8220; global_colors_info=&#8220;{}&#8220;][\/et_pb_divider][\/et_pb_column][et_pb_column type=&#8220;3_5&#8243; _builder_version=&#8220;4.27.4&#8243; _module_preset=&#8220;default&#8220; global_colors_info=&#8220;{}&#8220;][\/et_pb_column][et_pb_column type=&#8220;1_5&#8243; _builder_version=&#8220;4.27.4&#8243; _module_preset=&#8220;default&#8220; global_colors_info=&#8220;{}&#8220;][\/et_pb_column][\/et_pb_row][et_pb_row _builder_version=&#8220;4.27.4&#8243; _module_preset=&#8220;default&#8220; custom_margin=&#8220;||-30px||false|false&#8220; global_colors_info=&#8220;{}&#8220;][et_pb_column type=&#8220;4_4&#8243; _builder_version=&#8220;4.27.4&#8243; _module_preset=&#8220;default&#8220; global_colors_info=&#8220;{}&#8220;][et_pb_heading title=&#8220;Kinder &#038; Jugendliche&#8220; _builder_version=&#8220;4.27.4&#8243; _module_preset=&#8220;default&#8220; title_font=&#8220;|||on|||||&#8220; global_colors_info=&#8220;{}&#8220;][\/et_pb_heading][et_pb_heading title=&#8220;Das Jugendhaus P23 lebt von seinen vielen ehrenamtlichen Mitarbeitenden. Sie pr\u00e4gen in den Kinder- und Jugendgruppen, im Jugendcaf\u00e9, bei allen Projekten und Freizeiten das Gesamtbild.&#8220; _builder_version=&#8220;4.27.4&#8243; _module_preset=&#8220;default&#8220; title_level=&#8220;h3&#8243; title_font=&#8220;|700|||||||&#8220; title_font_size=&#8220;20px&#8220; title_line_height=&#8220;1.5em&#8220; custom_margin=&#8220;||30px||false|false&#8220; global_colors_info=&#8220;{}&#8220;][\/et_pb_heading][\/et_pb_column][\/et_pb_row][et_pb_row column_structure=&#8220;1_2,1_2&#8243; _builder_version=&#8220;4.27.4&#8243; _module_preset=&#8220;default&#8220; global_colors_info=&#8220;{}&#8220;][et_pb_column type=&#8220;1_2&#8243; _builder_version=&#8220;4.27.4&#8243; _module_preset=&#8220;default&#8220; global_colors_info=&#8220;{}&#8220;][et_pb_cta title=&#8220;Freizeiten&#8220; button_url=&#8220;https:\/\/vluyn.staging.venta.one\/entwurf-startseite\/unerse-angebote\/kinder-und-jugendliche\/freizeiten\/&#8220; button_text=&#8220;Infos&#8220; _builder_version=&#8220;4.27.4&#8243; _module_preset=&#8220;default&#8220; header_font=&#8220;|700||on|||||&#8220; body_font=&#8220;|700|||||||&#8220; body_text_align=&#8220;center&#8220; body_font_size=&#8220;15px&#8220; body_line_height=&#8220;1.8em&#8220; background_color=&#8220;rgba(0,0,0,0.45)&#8220; background_image=&#8220;https:\/\/vluyn.staging.venta.one\/wp-content\/uploads\/2025\/11\/unnamed-q.jpg&#8220; background_blend=&#8220;soft-light&#8220; custom_button=&#8220;on&#8220; button_text_size=&#8220;17px&#8220; button_alignment=&#8220;center&#8220; module_alignment=&#8220;center&#8220; height=&#8220;500px&#8220; custom_padding=&#8220;200px||200px||true|false&#8220; hover_enabled=&#8220;0&#8243; global_colors_info=&#8220;{}&#8220; sticky_enabled=&#8220;0&#8243;]<\/p>\n<p>Hier steht eine kurze Beschreibung Lorem ipsum dolor sit amet, consetetur sadipscing elitr, sed diam nonumy eirmod tempor.<\/p>\n<p>[\/et_pb_cta][\/et_pb_column][et_pb_column type=&#8220;1_2&#8243; _builder_version=&#8220;4.27.4&#8243; _module_preset=&#8220;default&#8220; global_colors_info=&#8220;{}&#8220;][et_pb_cta title=&#8220;Jugendcaf\u00e9&#8220; button_url=&#8220;http:\/\/leer&#8220; url_new_window=&#8220;on&#8220; button_text=&#8220;Infos&#8220; _builder_version=&#8220;4.27.4&#8243; _module_preset=&#8220;default&#8220; header_font=&#8220;|700||on|||||&#8220; body_font=&#8220;|700|||||||&#8220; body_text_align=&#8220;center&#8220; body_font_size=&#8220;15px&#8220; body_line_height=&#8220;1.8em&#8220; background_color=&#8220;rgba(0,0,0,0.45)&#8220; background_image=&#8220;https:\/\/vluyn.staging.venta.one\/wp-content\/uploads\/2025\/11\/unnamed.jpg&#8220; background_blend=&#8220;soft-light&#8220; custom_button=&#8220;on&#8220; button_text_size=&#8220;17px&#8220; button_alignment=&#8220;center&#8220; module_alignment=&#8220;center&#8220; height=&#8220;500px&#8220; custom_padding=&#8220;200px||200px||true|false&#8220; locked=&#8220;off&#8220; global_colors_info=&#8220;{}&#8220;]<\/p>\n<p>Hier steht eine kurze Beschreibung Lorem ipsum dolor sit amet, consetetur sadipscing elitr, sed diam nonumy eirmod tempor.<\/p>\n<p>[\/et_pb_cta][\/et_pb_column][\/et_pb_row][et_pb_row column_structure=&#8220;1_3,1_3,1_3&#8243; _builder_version=&#8220;4.27.4&#8243; _module_preset=&#8220;default&#8220; global_colors_info=&#8220;{}&#8220;][et_pb_column type=&#8220;1_3&#8243; _builder_version=&#8220;4.27.4&#8243; _module_preset=&#8220;default&#8220; global_colors_info=&#8220;{}&#8220;][et_pb_cta title=&#8220;Jugendgruppen&#8220; button_url=&#8220;http:\/\/leer&#8220; url_new_window=&#8220;on&#8220; button_text=&#8220;Infos&#8220; _builder_version=&#8220;4.27.4&#8243; _module_preset=&#8220;default&#8220; header_font=&#8220;|700||on|||||&#8220; header_text_align=&#8220;center&#8220; header_font_size=&#8220;19px&#8220; body_font=&#8220;|700|||||||&#8220; body_font_size=&#8220;15px&#8220; body_line_height=&#8220;1.8em&#8220; background_color=&#8220;rgba(0,0,0,0.45)&#8220; background_image=&#8220;https:\/\/vluyn.staging.venta.one\/wp-content\/uploads\/2025\/11\/1-fbb18c35-3556-4f69-b1ee-68e1b2b8f10f-512&#215;512.jpg&#8220; background_blend=&#8220;soft-light&#8220; custom_button=&#8220;on&#8220; button_text_size=&#8220;17px&#8220; button_alignment=&#8220;center&#8220; module_alignment=&#8220;center&#8220; height=&#8220;400px&#8220; custom_padding=&#8220;141px||||false|false&#8220; locked=&#8220;off&#8220; global_colors_info=&#8220;{}&#8220;]<\/p>\n<p>Hier steht eine kurze Beschreibung\u00a0<\/p>\n<p>[\/et_pb_cta][\/et_pb_column][et_pb_column type=&#8220;1_3&#8243; _builder_version=&#8220;4.27.4&#8243; _module_preset=&#8220;default&#8220; global_colors_info=&#8220;{}&#8220;][et_pb_cta title=&#8220;Jugendgottesdienst&#8220; button_url=&#8220;http:\/\/leer&#8220; url_new_window=&#8220;on&#8220; button_text=&#8220;Infos&#8220; _builder_version=&#8220;4.27.4&#8243; _module_preset=&#8220;default&#8220; header_font=&#8220;|700||on|||||&#8220; header_text_align=&#8220;center&#8220; header_font_size=&#8220;19px&#8220; body_font=&#8220;|700|||||||&#8220; body_font_size=&#8220;15px&#8220; body_line_height=&#8220;1.8em&#8220; background_color=&#8220;rgba(0,0,0,0.45)&#8220; background_image=&#8220;https:\/\/vluyn.staging.venta.one\/wp-content\/uploads\/2025\/11\/2-d5e26c25-5065-48e0-9834-74809f0288b0-512&#215;512.jpg&#8220; background_blend=&#8220;soft-light&#8220; custom_button=&#8220;on&#8220; button_text_size=&#8220;17px&#8220; button_alignment=&#8220;center&#8220; module_alignment=&#8220;center&#8220; height=&#8220;400px&#8220; custom_padding=&#8220;141px||||false|false&#8220; locked=&#8220;off&#8220; global_colors_info=&#8220;{}&#8220;]<\/p>\n<p>Hier steht eine kurze Beschreibung\u00a0<\/p>\n<p>[\/et_pb_cta][\/et_pb_column][et_pb_column type=&#8220;1_3&#8243; _builder_version=&#8220;4.27.4&#8243; _module_preset=&#8220;default&#8220; global_colors_info=&#8220;{}&#8220;][et_pb_cta title=&#8220;eSport&#8220; button_url=&#8220;http:\/\/leer&#8220; url_new_window=&#8220;on&#8220; button_text=&#8220;Infos&#8220; _builder_version=&#8220;4.27.4&#8243; _module_preset=&#8220;default&#8220; header_font=&#8220;|700||on|||||&#8220; header_text_align=&#8220;center&#8220; header_font_size=&#8220;19px&#8220; body_font=&#8220;|700|||||||&#8220; body_font_size=&#8220;15px&#8220; body_line_height=&#8220;1.8em&#8220; background_color=&#8220;rgba(0,0,0,0.45)&#8220; background_image=&#8220;https:\/\/vluyn.staging.venta.one\/wp-content\/uploads\/2025\/11\/unnamedbc.jpg&#8220; background_blend=&#8220;soft-light&#8220; custom_button=&#8220;on&#8220; button_text_size=&#8220;17px&#8220; button_alignment=&#8220;center&#8220; module_alignment=&#8220;center&#8220; height=&#8220;400px&#8220; custom_padding=&#8220;141px||||false|false&#8220; locked=&#8220;off&#8220; global_colors_info=&#8220;{}&#8220;]<\/p>\n<p>Hier steht eine kurze Beschreibung\u00a0<\/p>\n<p>[\/et_pb_cta][\/et_pb_column][\/et_pb_row][et_pb_row column_structure=&#8220;1_5,3_5,1_5&#8243; _builder_version=&#8220;4.27.4&#8243; _module_preset=&#8220;default&#8220; custom_padding=&#8220;||0px|||&#8220; locked=&#8220;off&#8220; global_colors_info=&#8220;{}&#8220;][et_pb_column type=&#8220;1_5&#8243; _builder_version=&#8220;4.27.4&#8243; _module_preset=&#8220;default&#8220; global_colors_info=&#8220;{}&#8220;][et_pb_divider color=&#8220;#000000&#8243; divider_position=&#8220;bottom&#8220; divider_weight=&#8220;8px&#8220; _builder_version=&#8220;4.27.4&#8243; _module_preset=&#8220;default&#8220; global_colors_info=&#8220;{}&#8220;][\/et_pb_divider][\/et_pb_column][et_pb_column type=&#8220;3_5&#8243; _builder_version=&#8220;4.27.4&#8243; _module_preset=&#8220;default&#8220; global_colors_info=&#8220;{}&#8220;][\/et_pb_column][et_pb_column type=&#8220;1_5&#8243; _builder_version=&#8220;4.27.4&#8243; _module_preset=&#8220;default&#8220; global_colors_info=&#8220;{}&#8220;][\/et_pb_column][\/et_pb_row][et_pb_row _builder_version=&#8220;4.27.4&#8243; _module_preset=&#8220;default&#8220; global_colors_info=&#8220;{}&#8220;][et_pb_column type=&#8220;4_4&#8243; _builder_version=&#8220;4.27.4&#8243; _module_preset=&#8220;default&#8220; global_colors_info=&#8220;{}&#8220;][et_pb_heading title=&#8220;Veranstaltungen&#8220; _builder_version=&#8220;4.27.4&#8243; _module_preset=&#8220;default&#8220; global_colors_info=&#8220;{}&#8220;][\/et_pb_heading][et_pb_heading title=&#8220;Hier findet ihr einen \u00dcberblick \u00fcber die n\u00e4chsten veranstaltungen f\u00fcr Kinder und Jugendliche&#8220; _builder_version=&#8220;4.27.4&#8243; _module_preset=&#8220;default&#8220; title_level=&#8220;h3&#8243; title_font_size=&#8220;20px&#8220; global_colors_info=&#8220;{}&#8220;][\/et_pb_heading][et_pb_filterable_portfolio fullwidth=&#8220;off&#8220; posts_number=&#8220;5&#8243; include_categories=&#8220;33,31,32&#8243; show_categories=&#8220;off&#8220; zoom_icon_color=&#8220;#000000&#8243; hover_overlay_color=&#8220;#000000&#8243; _builder_version=&#8220;4.27.4&#8243; _module_preset=&#8220;default&#8220; title_level=&#8220;h3&#8243; filter_font=&#8220;|700|||||||&#8220; filter_text_color=&#8220;#000000&#8243; filter_font_size=&#8220;20px&#8220; caption_text_color=&#8220;#000000&#8243; caption_font_size=&#8220;15px&#8220; pagination_text_color=&#8220;#000000&#8243; border_width_bottom=&#8220;3px&#8220; global_colors_info=&#8220;{}&#8220;][\/et_pb_filterable_portfolio][\/et_pb_column][\/et_pb_row][\/et_pb_section]<\/p>\n","protected":false},"excerpt":{"rendered":"<p>Hier steht eine kurze Beschreibung Lorem ipsum dolor sit amet, consetetur sadipscing elitr, sed diam nonumy eirmod tempor.Hier steht eine kurze Beschreibung Lorem ipsum dolor sit amet, consetetur sadipscing elitr, [&hellip;]<\/p>\n","protected":false},"author":2,"featured_media":0,"parent":0,"menu_order":0,"comment_status":"closed","ping_status":"closed","template":"","meta":{"_et_pb_use_builder":"on","_et_pb_old_content":"","_et_gb_content_width":"","footnotes":""},"class_list":["post-354","page","type-page","status-publish","hentry"],"yoast_head":"<!-- This site is optimized with the Yoast SEO plugin v27.3 - https:\/\/yoast.com\/product\/yoast-seo-wordpress\/ -->\r\n<title>Kinder und Jugendliche Variante 2 - Evangelische Kirchengemeinde Vluyn<\/title>\r\n<meta name=\"robots\" content=\"noindex, follow, max-snippet:-1, max-image-preview:large, max-video-preview:-1\" \/>\r\n<meta property=\"og:locale\" content=\"de_DE\" \/>\r\n<meta property=\"og:type\" content=\"article\" \/>\r\n<meta property=\"og:title\" content=\"Kinder und Jugendliche Variante 2 - Evangelische Kirchengemeinde Vluyn\" \/>\r\n<meta property=\"og:description\" content=\"Hier steht eine kurze Beschreibung Lorem ipsum dolor sit amet, consetetur sadipscing elitr, sed diam nonumy eirmod tempor.Hier steht eine kurze Beschreibung Lorem ipsum dolor sit amet, consetetur sadipscing elitr, [&hellip;]\" \/>\r\n<meta property=\"og:url\" content=\"https:\/\/vluyn.staging.venta.one\/entwurf-startseite\/kinder-und-jugendliche-variante-2\/\" \/>\r\n<meta property=\"og:site_name\" content=\"Evangelische Kirchengemeinde Vluyn\" \/>\r\n<meta property=\"article:modified_time\" content=\"2025-11-28T21:00:32+00:00\" \/>\r\n<meta name=\"twitter:card\" content=\"summary_large_image\" \/>\r\n<meta name=\"twitter:label1\" content=\"Gesch\u00e4tzte Lesezeit\" \/>\n\t<meta name=\"twitter:data1\" content=\"2\u00a0Minuten\" \/>\r\n<script type=\"application\/ld+json\" class=\"yoast-schema-graph\">{\"@context\":\"https:\\\/\\\/schema.org\",\"@graph\":[{\"@type\":\"WebPage\",\"@id\":\"https:\\\/\\\/vluyn.staging.venta.one\\\/entwurf-startseite\\\/kinder-und-jugendliche-variante-2\\\/\",\"url\":\"https:\\\/\\\/vluyn.staging.venta.one\\\/entwurf-startseite\\\/kinder-und-jugendliche-variante-2\\\/\",\"name\":\"Kinder und Jugendliche Variante 2 - Evangelische Kirchengemeinde Vluyn\",\"isPartOf\":{\"@id\":\"https:\\\/\\\/vluyn.staging.venta.one\\\/entwurf-startseite\\\/#website\"},\"datePublished\":\"2025-11-28T20:00:29+00:00\",\"dateModified\":\"2025-11-28T21:00:32+00:00\",\"breadcrumb\":{\"@id\":\"https:\\\/\\\/vluyn.staging.venta.one\\\/entwurf-startseite\\\/kinder-und-jugendliche-variante-2\\\/#breadcrumb\"},\"inLanguage\":\"de\",\"potentialAction\":[{\"@type\":\"ReadAction\",\"target\":[\"https:\\\/\\\/vluyn.staging.venta.one\\\/entwurf-startseite\\\/kinder-und-jugendliche-variante-2\\\/\"]}]},{\"@type\":\"BreadcrumbList\",\"@id\":\"https:\\\/\\\/vluyn.staging.venta.one\\\/entwurf-startseite\\\/kinder-und-jugendliche-variante-2\\\/#breadcrumb\",\"itemListElement\":[{\"@type\":\"ListItem\",\"position\":1,\"name\":\"Startseite\",\"item\":\"https:\\\/\\\/vluyn.staging.venta.one\\\/entwurf-startseite\\\/\"},{\"@type\":\"ListItem\",\"position\":2,\"name\":\"Kinder und Jugendliche Variante 2\"}]},{\"@type\":\"WebSite\",\"@id\":\"https:\\\/\\\/vluyn.staging.venta.one\\\/entwurf-startseite\\\/#website\",\"url\":\"https:\\\/\\\/vluyn.staging.venta.one\\\/entwurf-startseite\\\/\",\"name\":\"Evangelische Kirchengemeinde Vluyn\",\"description\":\"\",\"publisher\":{\"@id\":\"https:\\\/\\\/vluyn.staging.venta.one\\\/entwurf-startseite\\\/#organization\"},\"potentialAction\":[{\"@type\":\"SearchAction\",\"target\":{\"@type\":\"EntryPoint\",\"urlTemplate\":\"https:\\\/\\\/vluyn.staging.venta.one\\\/entwurf-startseite\\\/?s={search_term_string}\"},\"query-input\":{\"@type\":\"PropertyValueSpecification\",\"valueRequired\":true,\"valueName\":\"search_term_string\"}}],\"inLanguage\":\"de\"},{\"@type\":\"Organization\",\"@id\":\"https:\\\/\\\/vluyn.staging.venta.one\\\/entwurf-startseite\\\/#organization\",\"name\":\"Evangelische Kirchengemeinde Vluyn\",\"url\":\"https:\\\/\\\/vluyn.staging.venta.one\\\/entwurf-startseite\\\/\",\"logo\":{\"@type\":\"ImageObject\",\"inLanguage\":\"de\",\"@id\":\"https:\\\/\\\/vluyn.staging.venta.one\\\/entwurf-startseite\\\/#\\\/schema\\\/logo\\\/image\\\/\",\"url\":\"https:\\\/\\\/vluyn.staging.venta.one\\\/wp-content\\\/uploads\\\/2025\\\/11\\\/Logo-neu-13022025-DinA4_schwarz_fertig-tr-scaled.png\",\"contentUrl\":\"https:\\\/\\\/vluyn.staging.venta.one\\\/wp-content\\\/uploads\\\/2025\\\/11\\\/Logo-neu-13022025-DinA4_schwarz_fertig-tr-scaled.png\",\"width\":2560,\"height\":2103,\"caption\":\"Evangelische Kirchengemeinde Vluyn\"},\"image\":{\"@id\":\"https:\\\/\\\/vluyn.staging.venta.one\\\/entwurf-startseite\\\/#\\\/schema\\\/logo\\\/image\\\/\"},\"sameAs\":[\"https:\\\/\\\/www.youtube.com\\\/@evangelischekirchengemeind46\"]}]}<\/script>\r\n<!-- \/ Yoast SEO plugin. -->","yoast_head_json":{"title":"Kinder und Jugendliche Variante 2 - Evangelische Kirchengemeinde Vluyn","robots":{"index":"noindex","follow":"follow","max-snippet":"max-snippet:-1","max-image-preview":"max-image-preview:large","max-video-preview":"max-video-preview:-1"},"og_locale":"de_DE","og_type":"article","og_title":"Kinder und Jugendliche Variante 2 - Evangelische Kirchengemeinde Vluyn","og_description":"Hier steht eine kurze Beschreibung Lorem ipsum dolor sit amet, consetetur sadipscing elitr, sed diam nonumy eirmod tempor.Hier steht eine kurze Beschreibung Lorem ipsum dolor sit amet, consetetur sadipscing elitr, [&hellip;]","og_url":"https:\/\/vluyn.staging.venta.one\/entwurf-startseite\/kinder-und-jugendliche-variante-2\/","og_site_name":"Evangelische Kirchengemeinde Vluyn","article_modified_time":"2025-11-28T21:00:32+00:00","twitter_card":"summary_large_image","twitter_misc":{"Gesch\u00e4tzte Lesezeit":"2\u00a0Minuten"},"schema":{"@context":"https:\/\/schema.org","@graph":[{"@type":"WebPage","@id":"https:\/\/vluyn.staging.venta.one\/entwurf-startseite\/kinder-und-jugendliche-variante-2\/","url":"https:\/\/vluyn.staging.venta.one\/entwurf-startseite\/kinder-und-jugendliche-variante-2\/","name":"Kinder und Jugendliche Variante 2 - Evangelische Kirchengemeinde Vluyn","isPartOf":{"@id":"https:\/\/vluyn.staging.venta.one\/entwurf-startseite\/#website"},"datePublished":"2025-11-28T20:00:29+00:00","dateModified":"2025-11-28T21:00:32+00:00","breadcrumb":{"@id":"https:\/\/vluyn.staging.venta.one\/entwurf-startseite\/kinder-und-jugendliche-variante-2\/#breadcrumb"},"inLanguage":"de","potentialAction":[{"@type":"ReadAction","target":["https:\/\/vluyn.staging.venta.one\/entwurf-startseite\/kinder-und-jugendliche-variante-2\/"]}]},{"@type":"BreadcrumbList","@id":"https:\/\/vluyn.staging.venta.one\/entwurf-startseite\/kinder-und-jugendliche-variante-2\/#breadcrumb","itemListElement":[{"@type":"ListItem","position":1,"name":"Startseite","item":"https:\/\/vluyn.staging.venta.one\/entwurf-startseite\/"},{"@type":"ListItem","position":2,"name":"Kinder und Jugendliche Variante 2"}]},{"@type":"WebSite","@id":"https:\/\/vluyn.staging.venta.one\/entwurf-startseite\/#website","url":"https:\/\/vluyn.staging.venta.one\/entwurf-startseite\/","name":"Evangelische Kirchengemeinde Vluyn","description":"","publisher":{"@id":"https:\/\/vluyn.staging.venta.one\/entwurf-startseite\/#organization"},"potentialAction":[{"@type":"SearchAction","target":{"@type":"EntryPoint","urlTemplate":"https:\/\/vluyn.staging.venta.one\/entwurf-startseite\/?s={search_term_string}"},"query-input":{"@type":"PropertyValueSpecification","valueRequired":true,"valueName":"search_term_string"}}],"inLanguage":"de"},{"@type":"Organization","@id":"https:\/\/vluyn.staging.venta.one\/entwurf-startseite\/#organization","name":"Evangelische Kirchengemeinde Vluyn","url":"https:\/\/vluyn.staging.venta.one\/entwurf-startseite\/","logo":{"@type":"ImageObject","inLanguage":"de","@id":"https:\/\/vluyn.staging.venta.one\/entwurf-startseite\/#\/schema\/logo\/image\/","url":"https:\/\/vluyn.staging.venta.one\/wp-content\/uploads\/2025\/11\/Logo-neu-13022025-DinA4_schwarz_fertig-tr-scaled.png","contentUrl":"https:\/\/vluyn.staging.venta.one\/wp-content\/uploads\/2025\/11\/Logo-neu-13022025-DinA4_schwarz_fertig-tr-scaled.png","width":2560,"height":2103,"caption":"Evangelische Kirchengemeinde Vluyn"},"image":{"@id":"https:\/\/vluyn.staging.venta.one\/entwurf-startseite\/#\/schema\/logo\/image\/"},"sameAs":["https:\/\/www.youtube.com\/@evangelischekirchengemeind46"]}]}},"_links":{"self":[{"href":"https:\/\/vluyn.staging.venta.one\/entwurf-startseite\/wp-json\/wp\/v2\/pages\/354","targetHints":{"allow":["GET"]}}],"collection":[{"href":"https:\/\/vluyn.staging.venta.one\/entwurf-startseite\/wp-json\/wp\/v2\/pages"}],"about":[{"href":"https:\/\/vluyn.staging.venta.one\/entwurf-startseite\/wp-json\/wp\/v2\/types\/page"}],"author":[{"embeddable":true,"href":"https:\/\/vluyn.staging.venta.one\/entwurf-startseite\/wp-json\/wp\/v2\/users\/2"}],"replies":[{"embeddable":true,"href":"https:\/\/vluyn.staging.venta.one\/entwurf-startseite\/wp-json\/wp\/v2\/comments?post=354"}],"version-history":[{"count":11,"href":"https:\/\/vluyn.staging.venta.one\/entwurf-startseite\/wp-json\/wp\/v2\/pages\/354\/revisions"}],"predecessor-version":[{"id":410,"href":"https:\/\/vluyn.staging.venta.one\/entwurf-startseite\/wp-json\/wp\/v2\/pages\/354\/revisions\/410"}],"wp:attachment":[{"href":"https:\/\/vluyn.staging.venta.one\/entwurf-startseite\/wp-json\/wp\/v2\/media?parent=354"}],"curies":[{"name":"wp","href":"https:\/\/api.w.org\/{rel}","templated":true}]}}