{"id":28,"date":"2025-09-27T12:07:16","date_gmt":"2025-09-27T12:07:16","guid":{"rendered":"https:\/\/vluyn.staging.venta.one\/?page_id=28"},"modified":"2026-02-01T12:24:45","modified_gmt":"2026-02-01T12:24:45","slug":"entwurf-startseite","status":"publish","type":"page","link":"https:\/\/vluyn.staging.venta.one\/entwurf-startseite\/","title":{"rendered":"Entwurf Startseite"},"content":{"rendered":"<p>[et_pb_section fb_built=&#8220;1&#8243; custom_padding_last_edited=&#8220;on|phone&#8220; admin_label=&#8220;Header&#8220; _builder_version=&#8220;4.27.4&#8243; _module_preset=&#8220;acc19858-bb37-4731-8e16-5d182fda5f1e&#8220; background_enable_color=&#8220;off&#8220; background_enable_image=&#8220;off&#8220; background_video_mp4=&#8220;https:\/\/vluyn.staging.venta.one\/wp-content\/uploads\/2025\/11\/istockphoto-2148902667-640_adpp_is.mp4&#8243; min_height_tablet=&#8220;550px&#8220; min_height_phone=&#8220;400px&#8220; min_height_last_edited=&#8220;on|phone&#8220; custom_padding=&#8220;||650px||false|false&#8220; custom_padding_tablet=&#8220;20vw||0px||false|false&#8220; custom_padding_phone=&#8220;20vw||409px||false|false&#8220; global_colors_info=&#8220;{}&#8220;][et_pb_row _builder_version=&#8220;4.27.4&#8243; _module_preset=&#8220;default&#8220; custom_padding=&#8220;100px||100px||true|false&#8220; global_colors_info=&#8220;{}&#8220;][et_pb_column type=&#8220;4_4&#8243; _builder_version=&#8220;4.27.4&#8243; _module_preset=&#8220;default&#8220; global_colors_info=&#8220;{}&#8220;][et_pb_heading title=&#8220;Evangelische Kirchengemeinde &#8220; _builder_version=&#8220;4.27.4&#8243; _module_preset=&#8220;c512315d-fbff-4fe4-9920-829092541d61&#8243; title_font=&#8220;&#8211;et_global_heading_font|200|||||||&#8220; title_text_align=&#8220;left&#8220; title_text_color=&#8220;#FFFFFF&#8220; title_font_size=&#8220;50px&#8220; max_width=&#8220;1080px&#8220; custom_margin=&#8220;||-20px||false|false&#8220; custom_padding=&#8220;||0px||false|false&#8220; global_colors_info=&#8220;{}&#8220;][\/et_pb_heading][et_pb_heading title=&#8220;Vluyn&#8220; _builder_version=&#8220;4.27.4&#8243; _module_preset=&#8220;c512315d-fbff-4fe4-9920-829092541d61&#8243; title_font=&#8220;&#8211;et_global_heading_font||||||||&#8220; title_text_color=&#8220;#FFFFFF&#8220; max_width=&#8220;1080px&#8220; custom_margin=&#8220;15px||||false|false&#8220; custom_padding=&#8220;||0px||false|false&#8220; global_colors_info=&#8220;{}&#8220;][\/et_pb_heading][et_pb_button button_url=&#8220;#kalender-startseite&#8220; button_text=&#8220;Kalender &#8220; button_alignment=&#8220;left&#8220; _builder_version=&#8220;4.27.4&#8243; _module_preset=&#8220;default&#8220; custom_button=&#8220;on&#8220; button_text_color=&#8220;#FFFFFF&#8220; button_border_radius=&#8220;0px&#8220; custom_margin=&#8220;-20px|0px|0px|0px|false|false&#8220; custom_margin_tablet=&#8220;-20px|0px|0px|0px|false|false&#8220; custom_margin_phone=&#8220;-20px|0px|0px|0px|false|false&#8220; custom_margin_last_edited=&#8220;on|phone&#8220; custom_padding=&#8220;|30px||30px|false|true&#8220; global_colors_info=&#8220;{}&#8220;][\/et_pb_button][\/et_pb_column][\/et_pb_row][\/et_pb_section][et_pb_section fb_built=&#8220;1&#8243; _builder_version=&#8220;4.27.4&#8243; _module_preset=&#8220;default&#8220; global_colors_info=&#8220;{}&#8220;][et_pb_row _builder_version=&#8220;4.27.4&#8243; _module_preset=&#8220;default&#8220; global_colors_info=&#8220;{}&#8220;][et_pb_column type=&#8220;4_4&#8243; _builder_version=&#8220;4.27.4&#8243; _module_preset=&#8220;default&#8220; global_colors_info=&#8220;{}&#8220;][et_pb_heading title=&#8220;LEITSPRUCH&#8220; _builder_version=&#8220;4.27.4&#8243; _module_preset=&#8220;default&#8220; title_level=&#8220;h2&#8243; title_font=&#8220;Arial|700|||||||&#8220; title_text_align=&#8220;center&#8220; title_text_color=&#8220;#000000&#8243; global_colors_info=&#8220;{}&#8220;][\/et_pb_heading][et_pb_testimonial author=&#8220;R\u00f6mer 12.2&#8243; quote_icon_color=&#8220;#000000&#8243; quote_icon_background_color=&#8220;#FFFFFF&#8220; _builder_version=&#8220;4.27.4&#8243; _module_preset=&#8220;default&#8220; body_text_color=&#8220;#000000&#8243; author_text_align=&#8220;center&#8220; background_color=&#8220;#FFFFFF&#8220; module_alignment=&#8220;center&#8220; height_tablet=&#8220;&#8220; height_phone=&#8220;&#8220; height_last_edited=&#8220;on|desktop&#8220; border_width_all=&#8220;5px&#8220; border_color_bottom=&#8220;#000000&#8243; global_colors_info=&#8220;{}&#8220;]<\/p>\n<p style=\"text-align: center;\">Und stellt euch nicht dieser Welt gleich, sondern \u00e4ndert euch durch die Erneuerung eures Sinnes, damit ihr pr\u00fcfen k\u00f6nnt, was Gottes Wille ist, n\u00e4mlich das Gute und Wohlgef\u00e4llige und Vollkommene.<\/p>\n<p>[\/et_pb_testimonial][\/et_pb_column][\/et_pb_row][\/et_pb_section][et_pb_section fb_built=&#8220;1&#8243; _builder_version=&#8220;4.27.4&#8243; _module_preset=&#8220;default&#8220; global_colors_info=&#8220;{}&#8220;][et_pb_row column_structure=&#8220;1_5,3_5,1_5&#8243; _builder_version=&#8220;4.27.4&#8243; _module_preset=&#8220;default&#8220; custom_padding=&#8220;||0px|||&#8220; locked=&#8220;off&#8220; global_colors_info=&#8220;{}&#8220;][et_pb_column type=&#8220;1_5&#8243; _builder_version=&#8220;4.27.4&#8243; _module_preset=&#8220;default&#8220; global_colors_info=&#8220;{}&#8220;][\/et_pb_column][et_pb_column type=&#8220;3_5&#8243; _builder_version=&#8220;4.27.4&#8243; _module_preset=&#8220;default&#8220; global_colors_info=&#8220;{}&#8220;][\/et_pb_column][et_pb_column type=&#8220;1_5&#8243; _builder_version=&#8220;4.27.4&#8243; _module_preset=&#8220;default&#8220; global_colors_info=&#8220;{}&#8220;][\/et_pb_column][\/et_pb_row][et_pb_row _builder_version=&#8220;4.27.4&#8243; _module_preset=&#8220;default&#8220; global_colors_info=&#8220;{}&#8220;][et_pb_column type=&#8220;4_4&#8243; _builder_version=&#8220;4.27.4&#8243; _module_preset=&#8220;default&#8220; global_colors_info=&#8220;{}&#8220;][et_pb_heading title=&#8220;HIGHLIGHTS&#8220; _builder_version=&#8220;4.27.4&#8243; _module_preset=&#8220;default&#8220; title_font=&#8220;Arial|700|||||||&#8220; title_text_color=&#8220;#000000&#8243; border_width_bottom=&#8220;5px&#8220; global_colors_info=&#8220;{}&#8220;][\/et_pb_heading][\/et_pb_column][\/et_pb_row][et_pb_row column_structure=&#8220;1_3,1_3,1_3&#8243; _builder_version=&#8220;4.27.4&#8243; _module_preset=&#8220;default&#8220; locked=&#8220;off&#8220; global_colors_info=&#8220;{}&#8220;][et_pb_column type=&#8220;1_3&#8243; _builder_version=&#8220;4.27.4&#8243; _module_preset=&#8220;default&#8220; global_colors_info=&#8220;{}&#8220;][et_pb_blurb title=&#8220;Your Title Goes Here&#8220; image=&#8220;https:\/\/vluyn.staging.venta.one\/wp-content\/uploads\/2025\/11\/Osterfreizeit.jpg&#8220; _builder_version=&#8220;4.27.4&#8243; _module_preset=&#8220;default&#8220; header_font=&#8220;|600|||||||&#8220; header_text_align=&#8220;left&#8220; header_text_color=&#8220;#000000&#8243; header_font_size=&#8220;24px&#8220; body_font=&#8220;|300|||||||&#8220; body_text_color=&#8220;#000000&#8243; custom_margin=&#8220;|0px||0px|false|true&#8220; custom_padding=&#8220;||30px||false|false&#8220; border_color_all=&#8220;#000000&#8243; border_width_bottom=&#8220;2px&#8220; locked=&#8220;off&#8220; global_colors_info=&#8220;{}&#8220;]<\/p>\n<p>Your content goes here. Edit or remove this text inline or in the module Content settings. You can also style every aspect of this content in the module Design settings and even apply custom CSS to this text in the module Advanced settings.<\/p>\n<p>[\/et_pb_blurb][\/et_pb_column][et_pb_column type=&#8220;1_3&#8243; _builder_version=&#8220;4.27.4&#8243; _module_preset=&#8220;default&#8220; global_colors_info=&#8220;{}&#8220;][et_pb_blurb title=&#8220;Your Title Goes Here&#8220; image=&#8220;https:\/\/vluyn.staging.venta.one\/wp-content\/uploads\/2025\/11\/Jugendfreizeit.jpg&#8220; _builder_version=&#8220;4.27.4&#8243; _module_preset=&#8220;default&#8220; header_font=&#8220;|600|||||||&#8220; header_text_align=&#8220;left&#8220; header_text_color=&#8220;#000000&#8243; header_font_size=&#8220;24px&#8220; body_font=&#8220;|300|||||||&#8220; body_text_color=&#8220;#000000&#8243; custom_margin=&#8220;|0px||0px|false|true&#8220; custom_padding=&#8220;||30px||false|false&#8220; border_color_all=&#8220;#000000&#8243; border_width_bottom=&#8220;2px&#8220; locked=&#8220;off&#8220; global_colors_info=&#8220;{}&#8220;]<\/p>\n<p>Your content goes here. Edit or remove this text inline or in the module Content settings. You can also style every aspect of this content in the module Design settings and even apply custom CSS to this text in the module Advanced settings.<\/p>\n<p>[\/et_pb_blurb][\/et_pb_column][et_pb_column type=&#8220;1_3&#8243; _builder_version=&#8220;4.27.4&#8243; _module_preset=&#8220;default&#8220; global_colors_info=&#8220;{}&#8220;][et_pb_blurb title=&#8220;Your Title Goes Here&#8220; image=&#8220;https:\/\/vluyn.staging.venta.one\/wp-content\/uploads\/2025\/11\/unnamed-q.jpg&#8220; _builder_version=&#8220;4.27.4&#8243; _module_preset=&#8220;default&#8220; header_font=&#8220;|600|||||||&#8220; header_text_align=&#8220;left&#8220; header_text_color=&#8220;#000000&#8243; header_font_size=&#8220;24px&#8220; body_font=&#8220;|300|||||||&#8220; body_text_color=&#8220;#000000&#8243; custom_margin=&#8220;|0px||0px|false|true&#8220; custom_padding=&#8220;||30px||false|false&#8220; border_color_all=&#8220;#000000&#8243; border_width_bottom=&#8220;2px&#8220; locked=&#8220;off&#8220; global_colors_info=&#8220;{}&#8220;]<\/p>\n<p>Your content goes here. Edit or remove this text inline or in the module Content settings. You can also style every aspect of this content in the module Design settings and even apply custom CSS to this text in the module Advanced settings.<\/p>\n<p>[\/et_pb_blurb][\/et_pb_column][\/et_pb_row][\/et_pb_section][et_pb_section fb_built=&#8220;1&#8243; _builder_version=&#8220;4.27.4&#8243; _module_preset=&#8220;default&#8220; global_colors_info=&#8220;{}&#8220;][et_pb_row module_id=&#8220;kalender-startseite&#8220; _builder_version=&#8220;4.27.4&#8243; _module_preset=&#8220;default&#8220; global_colors_info=&#8220;{}&#8220;][et_pb_column type=&#8220;4_4&#8243; _builder_version=&#8220;4.27.4&#8243; _module_preset=&#8220;default&#8220; global_colors_info=&#8220;{}&#8220;][et_pb_heading title=&#8220;KALENDER&#8220; _builder_version=&#8220;4.27.4&#8243; _module_preset=&#8220;default&#8220; title_font=&#8220;Arial|700|||||||&#8220; title_text_color=&#8220;#000000&#8243; border_width_bottom=&#8220;5px&#8220; global_colors_info=&#8220;{}&#8220;][\/et_pb_heading][et_pb_text _builder_version=&#8220;4.27.4&#8243; _module_preset=&#8220;default&#8220; global_colors_info=&#8220;{}&#8220;]<\/p>\n<p>Your content goes here. Edit or remove this text inline or in the module Content settings. You can also style every aspect of this content in the module Design settings and even apply custom CSS to this text in the module Advanced settings.<\/p>\n<p>[\/et_pb_text][\/et_pb_column][\/et_pb_row][et_pb_row _builder_version=&#8220;4.27.4&#8243; _module_preset=&#8220;default&#8220; global_colors_info=&#8220;{}&#8220;][et_pb_column type=&#8220;4_4&#8243; _builder_version=&#8220;4.27.4&#8243; _module_preset=&#8220;default&#8220; global_colors_info=&#8220;{}&#8220;][et_pb_code _builder_version=&#8220;4.27.4&#8243; _module_preset=&#8220;default&#8220; global_colors_info=&#8220;{}&#8220;]<\/p>\n<style scoped> iframe[data-tec-events-ece-iframe=\"true\"] { width: 100%; height: calc( 100vw + 100px ); max-width: 100%; } @media screen and (min-width: 600px) { iframe[data-tec-events-ece-iframe=\"true\"] { height: 100vw; } } @media screen and (min-width: 853px) { iframe[data-tec-events-ece-iframe=\"true\"] { height: 1065px; } } <\/style>\n<p> <iframe data-tec-events-ece-iframe=\"true\" src=\"https:\/\/vluyn.staging.venta.one\/entwurf-startseite\/calendar-embed\/HPGZemxpaHG\/embed\/\" frameborder=\"0\" ><\/iframe>[\/et_pb_code][\/et_pb_column][\/et_pb_row][\/et_pb_section]<\/p>\n","protected":false},"excerpt":{"rendered":"<p>Und stellt euch nicht dieser Welt gleich, sondern \u00e4ndert euch durch die Erneuerung eures Sinnes, damit ihr pr\u00fcfen k\u00f6nnt, was Gottes Wille ist, n\u00e4mlich das Gute und Wohlgef\u00e4llige und Vollkommene.Your [&hellip;]<\/p>\n","protected":false},"author":2,"featured_media":0,"parent":0,"menu_order":0,"comment_status":"closed","ping_status":"closed","template":"","meta":{"_et_pb_use_builder":"on","_et_pb_old_content":"","_et_gb_content_width":"","footnotes":""},"class_list":["post-28","page","type-page","status-publish","hentry"],"yoast_head":"<!-- This site is optimized with the Yoast SEO plugin v27.3 - https:\/\/yoast.com\/product\/yoast-seo-wordpress\/ -->\r\n<title>Entwurf Startseite - Evangelische Kirchengemeinde Vluyn<\/title>\r\n<meta name=\"robots\" content=\"noindex, follow, max-snippet:-1, max-image-preview:large, max-video-preview:-1\" \/>\r\n<meta property=\"og:locale\" content=\"de_DE\" \/>\r\n<meta property=\"og:type\" content=\"article\" \/>\r\n<meta property=\"og:title\" content=\"Entwurf Startseite - Evangelische Kirchengemeinde Vluyn\" \/>\r\n<meta property=\"og:description\" content=\"Und stellt euch nicht dieser Welt gleich, sondern \u00e4ndert euch durch die Erneuerung eures Sinnes, damit ihr pr\u00fcfen k\u00f6nnt, was Gottes Wille ist, n\u00e4mlich das Gute und Wohlgef\u00e4llige und Vollkommene.Your [&hellip;]\" \/>\r\n<meta property=\"og:url\" content=\"https:\/\/vluyn.staging.venta.one\/entwurf-startseite\/\" \/>\r\n<meta property=\"og:site_name\" content=\"Evangelische Kirchengemeinde Vluyn\" \/>\r\n<meta property=\"article:modified_time\" content=\"2026-02-01T12:24:45+00:00\" \/>\r\n<meta name=\"twitter:card\" content=\"summary_large_image\" \/>\r\n<meta name=\"twitter:label1\" content=\"Gesch\u00e4tzte Lesezeit\" \/>\n\t<meta name=\"twitter:data1\" content=\"2\u00a0Minuten\" \/>\r\n<script type=\"application\/ld+json\" class=\"yoast-schema-graph\">{\"@context\":\"https:\\\/\\\/schema.org\",\"@graph\":[{\"@type\":\"WebPage\",\"@id\":\"https:\\\/\\\/vluyn.staging.venta.one\\\/entwurf-startseite\\\/\",\"url\":\"https:\\\/\\\/vluyn.staging.venta.one\\\/entwurf-startseite\\\/\",\"name\":\"Entwurf Startseite - Evangelische Kirchengemeinde Vluyn\",\"isPartOf\":{\"@id\":\"https:\\\/\\\/vluyn.staging.venta.one\\\/entwurf-startseite\\\/#website\"},\"datePublished\":\"2025-09-27T12:07:16+00:00\",\"dateModified\":\"2026-02-01T12:24:45+00:00\",\"breadcrumb\":{\"@id\":\"https:\\\/\\\/vluyn.staging.venta.one\\\/entwurf-startseite\\\/#breadcrumb\"},\"inLanguage\":\"de\",\"potentialAction\":[{\"@type\":\"ReadAction\",\"target\":[\"https:\\\/\\\/vluyn.staging.venta.one\\\/entwurf-startseite\\\/\"]}]},{\"@type\":\"BreadcrumbList\",\"@id\":\"https:\\\/\\\/vluyn.staging.venta.one\\\/entwurf-startseite\\\/#breadcrumb\",\"itemListElement\":[{\"@type\":\"ListItem\",\"position\":1,\"name\":\"Startseite\",\"item\":\"https:\\\/\\\/vluyn.staging.venta.one\\\/entwurf-startseite\\\/\"},{\"@type\":\"ListItem\",\"position\":2,\"name\":\"Entwurf Startseite\"}]},{\"@type\":\"WebSite\",\"@id\":\"https:\\\/\\\/vluyn.staging.venta.one\\\/entwurf-startseite\\\/#website\",\"url\":\"https:\\\/\\\/vluyn.staging.venta.one\\\/entwurf-startseite\\\/\",\"name\":\"Evangelische Kirchengemeinde Vluyn\",\"description\":\"\",\"publisher\":{\"@id\":\"https:\\\/\\\/vluyn.staging.venta.one\\\/entwurf-startseite\\\/#organization\"},\"potentialAction\":[{\"@type\":\"SearchAction\",\"target\":{\"@type\":\"EntryPoint\",\"urlTemplate\":\"https:\\\/\\\/vluyn.staging.venta.one\\\/entwurf-startseite\\\/?s={search_term_string}\"},\"query-input\":{\"@type\":\"PropertyValueSpecification\",\"valueRequired\":true,\"valueName\":\"search_term_string\"}}],\"inLanguage\":\"de\"},{\"@type\":\"Organization\",\"@id\":\"https:\\\/\\\/vluyn.staging.venta.one\\\/entwurf-startseite\\\/#organization\",\"name\":\"Evangelische Kirchengemeinde Vluyn\",\"url\":\"https:\\\/\\\/vluyn.staging.venta.one\\\/entwurf-startseite\\\/\",\"logo\":{\"@type\":\"ImageObject\",\"inLanguage\":\"de\",\"@id\":\"https:\\\/\\\/vluyn.staging.venta.one\\\/entwurf-startseite\\\/#\\\/schema\\\/logo\\\/image\\\/\",\"url\":\"https:\\\/\\\/vluyn.staging.venta.one\\\/wp-content\\\/uploads\\\/2025\\\/11\\\/Logo-neu-13022025-DinA4_schwarz_fertig-tr-scaled.png\",\"contentUrl\":\"https:\\\/\\\/vluyn.staging.venta.one\\\/wp-content\\\/uploads\\\/2025\\\/11\\\/Logo-neu-13022025-DinA4_schwarz_fertig-tr-scaled.png\",\"width\":2560,\"height\":2103,\"caption\":\"Evangelische Kirchengemeinde Vluyn\"},\"image\":{\"@id\":\"https:\\\/\\\/vluyn.staging.venta.one\\\/entwurf-startseite\\\/#\\\/schema\\\/logo\\\/image\\\/\"},\"sameAs\":[\"https:\\\/\\\/www.youtube.com\\\/@evangelischekirchengemeind46\"]}]}<\/script>\r\n<!-- \/ Yoast SEO plugin. -->","yoast_head_json":{"title":"Entwurf Startseite - Evangelische Kirchengemeinde Vluyn","robots":{"index":"noindex","follow":"follow","max-snippet":"max-snippet:-1","max-image-preview":"max-image-preview:large","max-video-preview":"max-video-preview:-1"},"og_locale":"de_DE","og_type":"article","og_title":"Entwurf Startseite - Evangelische Kirchengemeinde Vluyn","og_description":"Und stellt euch nicht dieser Welt gleich, sondern \u00e4ndert euch durch die Erneuerung eures Sinnes, damit ihr pr\u00fcfen k\u00f6nnt, was Gottes Wille ist, n\u00e4mlich das Gute und Wohlgef\u00e4llige und Vollkommene.Your [&hellip;]","og_url":"https:\/\/vluyn.staging.venta.one\/entwurf-startseite\/","og_site_name":"Evangelische Kirchengemeinde Vluyn","article_modified_time":"2026-02-01T12:24:45+00:00","twitter_card":"summary_large_image","twitter_misc":{"Gesch\u00e4tzte Lesezeit":"2\u00a0Minuten"},"schema":{"@context":"https:\/\/schema.org","@graph":[{"@type":"WebPage","@id":"https:\/\/vluyn.staging.venta.one\/entwurf-startseite\/","url":"https:\/\/vluyn.staging.venta.one\/entwurf-startseite\/","name":"Entwurf Startseite - Evangelische Kirchengemeinde Vluyn","isPartOf":{"@id":"https:\/\/vluyn.staging.venta.one\/entwurf-startseite\/#website"},"datePublished":"2025-09-27T12:07:16+00:00","dateModified":"2026-02-01T12:24:45+00:00","breadcrumb":{"@id":"https:\/\/vluyn.staging.venta.one\/entwurf-startseite\/#breadcrumb"},"inLanguage":"de","potentialAction":[{"@type":"ReadAction","target":["https:\/\/vluyn.staging.venta.one\/entwurf-startseite\/"]}]},{"@type":"BreadcrumbList","@id":"https:\/\/vluyn.staging.venta.one\/entwurf-startseite\/#breadcrumb","itemListElement":[{"@type":"ListItem","position":1,"name":"Startseite","item":"https:\/\/vluyn.staging.venta.one\/entwurf-startseite\/"},{"@type":"ListItem","position":2,"name":"Entwurf Startseite"}]},{"@type":"WebSite","@id":"https:\/\/vluyn.staging.venta.one\/entwurf-startseite\/#website","url":"https:\/\/vluyn.staging.venta.one\/entwurf-startseite\/","name":"Evangelische Kirchengemeinde Vluyn","description":"","publisher":{"@id":"https:\/\/vluyn.staging.venta.one\/entwurf-startseite\/#organization"},"potentialAction":[{"@type":"SearchAction","target":{"@type":"EntryPoint","urlTemplate":"https:\/\/vluyn.staging.venta.one\/entwurf-startseite\/?s={search_term_string}"},"query-input":{"@type":"PropertyValueSpecification","valueRequired":true,"valueName":"search_term_string"}}],"inLanguage":"de"},{"@type":"Organization","@id":"https:\/\/vluyn.staging.venta.one\/entwurf-startseite\/#organization","name":"Evangelische Kirchengemeinde Vluyn","url":"https:\/\/vluyn.staging.venta.one\/entwurf-startseite\/","logo":{"@type":"ImageObject","inLanguage":"de","@id":"https:\/\/vluyn.staging.venta.one\/entwurf-startseite\/#\/schema\/logo\/image\/","url":"https:\/\/vluyn.staging.venta.one\/wp-content\/uploads\/2025\/11\/Logo-neu-13022025-DinA4_schwarz_fertig-tr-scaled.png","contentUrl":"https:\/\/vluyn.staging.venta.one\/wp-content\/uploads\/2025\/11\/Logo-neu-13022025-DinA4_schwarz_fertig-tr-scaled.png","width":2560,"height":2103,"caption":"Evangelische Kirchengemeinde Vluyn"},"image":{"@id":"https:\/\/vluyn.staging.venta.one\/entwurf-startseite\/#\/schema\/logo\/image\/"},"sameAs":["https:\/\/www.youtube.com\/@evangelischekirchengemeind46"]}]}},"_links":{"self":[{"href":"https:\/\/vluyn.staging.venta.one\/entwurf-startseite\/wp-json\/wp\/v2\/pages\/28","targetHints":{"allow":["GET"]}}],"collection":[{"href":"https:\/\/vluyn.staging.venta.one\/entwurf-startseite\/wp-json\/wp\/v2\/pages"}],"about":[{"href":"https:\/\/vluyn.staging.venta.one\/entwurf-startseite\/wp-json\/wp\/v2\/types\/page"}],"author":[{"embeddable":true,"href":"https:\/\/vluyn.staging.venta.one\/entwurf-startseite\/wp-json\/wp\/v2\/users\/2"}],"replies":[{"embeddable":true,"href":"https:\/\/vluyn.staging.venta.one\/entwurf-startseite\/wp-json\/wp\/v2\/comments?post=28"}],"version-history":[{"count":50,"href":"https:\/\/vluyn.staging.venta.one\/entwurf-startseite\/wp-json\/wp\/v2\/pages\/28\/revisions"}],"predecessor-version":[{"id":414,"href":"https:\/\/vluyn.staging.venta.one\/entwurf-startseite\/wp-json\/wp\/v2\/pages\/28\/revisions\/414"}],"wp:attachment":[{"href":"https:\/\/vluyn.staging.venta.one\/entwurf-startseite\/wp-json\/wp\/v2\/media?parent=28"}],"curies":[{"name":"wp","href":"https:\/\/api.w.org\/{rel}","templated":true}]}}